{"id":854,"date":"2018-02-04T00:50:32","date_gmt":"2018-02-03T22:50:32","guid":{"rendered":"http:\/\/archebald.ee\/?page_id=854"},"modified":"2024-03-19T00:28:13","modified_gmt":"2024-03-18T22:28:13","slug":"lisatellimised-archebaldis","status":"publish","type":"page","link":"https:\/\/archebald.ee\/index.php\/lisaks-pohilisele\/lisatellimised-archebaldis\/","title":{"rendered":"Lisatellimised Archebaldis"},"content":{"rendered":"<p>Kui arvate, et teie pidustused v\u00f5i k\u00fclastus meie keskuses peavad veelgi uhkemad olema siis saame teile ka \u00fcht teist erilist lisaks pakkuda:<\/p>\n<ol>\n<li><strong>Alkeemiku etendus<\/strong> &#8211; saate enda seltskonda kutsuda \u00fcllatama\u00a0keskaegse alkeemiku, kes viib oma etendusega teid 20 minutiks sajanditetagusesse ainete muundumise salap\u00e4rasesse maailma, kus tegutsejate eesm\u00e4rgiks oli luua tarkusekivi ja elueliksiir ning muuta raud v\u00f5i vask kullaks. Hind 50 eurot.<\/li>\n<li><strong>Naela sepistamine<\/strong> &#8211; kui kangesti sepipaja poole t\u00f5mbab ja leiate, et k\u00e4terammu ja tahtmist on, v\u00f5i ehk tahtmist rohkemgi, siis saame paluda sepikoja \u00e4\u00e4si kuumaks ajada ning pihid, vasarad ja p\u00f5lled valmis panna. Peale etten\u00e4itamist saate ise \u00e4\u00e4si juurde asuda ja no 5 naela saate k\u00fcll seltskonna peale valmis meisterdada ja kui asi kenasti v\u00e4lja tuleb siis paar t\u00fckki lisaks ka. Hind 60 eurot.<\/li>\n<li><strong>N\u00f5ude rent<\/strong> &#8211; kui plaanite meie peosaalis \u00fche uhke koosviibimise korraldada ja selle tarvis oma s\u00f6\u00f6gid ehk ka joogid kaasa v\u00f5tta, siis saame teile pakkuda selle tarvis sobivaid savin\u00f5usid. Peame k\u00fcll t\u00e4psemalt enne \u00fcle r\u00e4\u00e4kima, milliseid n\u00f5usid teil tarvis on, aga keskeltl\u00e4bi on n\u00f5ude rendi hind 1 euro pidulise kohta.<\/li>\n<li><strong>Aupauk keskaegsest varsp\u00fcssist<\/strong> &#8211; Teie pidustused aitab meeldej\u00e4\u00e4vamaks muuta aupauk keskaegsest varsp\u00fcssist, millele eelnevalt selle riistapuu ja selle toimimise kohta ka mitmeid selgitusi jagatakse. Aupauku v\u00f5ime teha nii Archebaldis toimuvatel pidustustel kui ka v\u00e4ljaspool. Hind Archebaldis 50 eurot.<\/li>\n<\/ol>\n","protected":false},"excerpt":{"rendered":"<p>Kui arvate, et teie pidustused v\u00f5i k\u00fclastus meie keskuses peavad veelgi uhkemad olema siis saame teile ka \u00fcht teist erilist [&hellip;]<\/p>\n","protected":false},"author":1,"featured_media":0,"parent":1095,"menu_order":1,"comment_status":"closed","ping_status":"closed","template":"","meta":{"footnotes":""},"class_list":["post-854","page","type-page","status-publish","hentry"],"_links":{"self":[{"href":"https:\/\/archebald.ee\/index.php\/wp-json\/wp\/v2\/pages\/854","targetHints":{"allow":["GET"]}}],"collection":[{"href":"https:\/\/archebald.ee\/index.php\/wp-json\/wp\/v2\/pages"}],"about":[{"href":"https:\/\/archebald.ee\/index.php\/wp-json\/wp\/v2\/types\/page"}],"author":[{"embeddable":true,"href":"https:\/\/archebald.ee\/index.php\/wp-json\/wp\/v2\/users\/1"}],"replies":[{"embeddable":true,"href":"https:\/\/archebald.ee\/index.php\/wp-json\/wp\/v2\/comments?post=854"}],"version-history":[{"count":7,"href":"https:\/\/archebald.ee\/index.php\/wp-json\/wp\/v2\/pages\/854\/revisions"}],"predecessor-version":[{"id":1065,"href":"https:\/\/archebald.ee\/index.php\/wp-json\/wp\/v2\/pages\/854\/revisions\/1065"}],"up":[{"embeddable":true,"href":"https:\/\/archebald.ee\/index.php\/wp-json\/wp\/v2\/pages\/1095"}],"wp:attachment":[{"href":"https:\/\/archebald.ee\/index.php\/wp-json\/wp\/v2\/media?parent=854"}],"curies":[{"name":"wp","href":"https:\/\/api.w.org\/{rel}","templated":true}]}}