{"id":715,"date":"2018-01-25T21:24:36","date_gmt":"2018-01-25T19:24:36","guid":{"rendered":"http:\/\/archebald.ee\/?page_id=715"},"modified":"2024-11-01T11:36:26","modified_gmt":"2024-11-01T09:36:26","slug":"pakapikumaa","status":"publish","type":"page","link":"https:\/\/archebald.ee\/index.php\/lisaks-pohilisele\/pakapikumaa\/","title":{"rendered":"P\u00e4kapikumaa"},"content":{"rendered":"\n<div class=\"wp-block-columns is-layout-flex wp-container-core-columns-is-layout-9d6595d7 wp-block-columns-is-layout-flex\">\n<div class=\"wp-block-column is-layout-flow wp-block-column-is-layout-flow\" style=\"flex-basis:100%\"><\/div>\n<\/div>\n\n\n<div class=\"xdj266r x11i5rnm xat24cr x1mh8g0r x1vvkbs x126k92a\">\n<div dir=\"auto\">Archebaldis on detsembris 2024 j\u00e4lle V\u00f5lulabor. Keskaegsed kiivrid ja piinariistad ja r\u00f5ivad l\u00e4hevad teenitud talvepuhkusele ja p\u00e4kapikud Friida ja Urmel hakkavad igasugu vahvaid asju korraldama. Pane grupp kokku, v\u00f5ta Urmeliga \u00fchendust (5115503) ja leiame ka Sinule sobiva P\u00e4kapikumaa aja.<\/div>\n<\/div>\n<div dir=\"auto\">\u00a0<\/div>\n<div class=\"xdj266r x11i5rnm xat24cr x1mh8g0r x1vvkbs x126k92a\">\n<div dir=\"auto\">Ah et mis see grupp on? N\u00e4iteks klass v\u00f5i 4 peret v\u00f5i lihtsalt vahva s\u00f5pruskond koos k\u00f5ikide suuremate ja v\u00e4iksematega, nii et 20 kanti seltskonna kokku saaks.<\/div>\n<\/div>\n<div dir=\"auto\">\u00a0<\/div>\n<div dir=\"auto\">P\u00e4kapikumaa programm kestab ca <strong>2 tundi<\/strong> ja selle aja sisse mahub v\u00e4ga palju eri tegevusi, mis koos Friida ja Urmeliga ette v\u00f5etakse: <strong>meisterdamine, vanade m\u00e4ngude m\u00e4ngimine, j\u00e4nkupoegade toitmine, piparkookide kr\u00f5bistamine, uhke teaduse ja mustkunsti etendus Archebaldi teatrisaalis ja loomulikult ka kohtumine J\u00f5uluvanaga.<\/strong> Kui J\u00f5uluvanaga aegsasti kokku leppida, siis tuleb ka kingituste jagamine. Meie keskuse J\u00f5uluvana on lahkesti valmis kuulama ja vaatama ka k\u00f5iki etteasteid, mida lapsed v\u00f5i ka t\u00e4iskasvanud tema tulekuks on ette valmistanud. Archebaldi P\u00e4kapikumaa V\u00f5lulabori k\u00fclastustasu on sel aastal <strong>9 eurot<\/strong>.<\/div>\n<div dir=\"auto\">\u00a0<\/div>\n<div class=\"x11i5rnm xat24cr x1mh8g0r x1vvkbs xtlvy1s x126k92a\">\n<div dir=\"auto\">Ja kui maitsvate s\u00f6\u00f6kide ja l\u00f5busa programmiga \u00f5htust J\u00f5ulupidu on vaja korraldada, siis helista ka Urmelile (5115503) &#8211; Archebaldi peod on erilised ja unustamatud!<\/div>\n<\/div>\n\n\n<figure class=\"wp-block-image size-large\"><img loading=\"lazy\" decoding=\"async\" width=\"724\" height=\"1024\" src=\"http:\/\/archebald.ee\/wp-content\/uploads\/2024\/11\/Volulabor-724x1024.jpg\" alt=\"\" class=\"wp-image-1125\" srcset=\"https:\/\/archebald.ee\/wp-content\/uploads\/2024\/11\/Volulabor-724x1024.jpg 724w, https:\/\/archebald.ee\/wp-content\/uploads\/2024\/11\/Volulabor-212x300.jpg 212w, https:\/\/archebald.ee\/wp-content\/uploads\/2024\/11\/Volulabor-768x1086.jpg 768w, https:\/\/archebald.ee\/wp-content\/uploads\/2024\/11\/Volulabor-1086x1536.jpg 1086w, https:\/\/archebald.ee\/wp-content\/uploads\/2024\/11\/Volulabor-1448x2048.jpg 1448w, https:\/\/archebald.ee\/wp-content\/uploads\/2024\/11\/Volulabor.jpg 1587w\" sizes=\"auto, (max-width: 724px) 100vw, 724px\" \/><\/figure>\n","protected":false},"excerpt":{"rendered":"<p>Archebaldis on detsembris 2024 j\u00e4lle V\u00f5lulabor. Keskaegsed kiivrid ja piinariistad ja r\u00f5ivad l\u00e4hevad teenitud talvepuhkusele ja p\u00e4kapikud Friida ja Urmel [&hellip;]<\/p>\n","protected":false},"author":1,"featured_media":0,"parent":1095,"menu_order":6,"comment_status":"closed","ping_status":"closed","template":"","meta":{"footnotes":""},"class_list":["post-715","page","type-page","status-publish","hentry"],"_links":{"self":[{"href":"https:\/\/archebald.ee\/index.php\/wp-json\/wp\/v2\/pages\/715","targetHints":{"allow":["GET"]}}],"collection":[{"href":"https:\/\/archebald.ee\/index.php\/wp-json\/wp\/v2\/pages"}],"about":[{"href":"https:\/\/archebald.ee\/index.php\/wp-json\/wp\/v2\/types\/page"}],"author":[{"embeddable":true,"href":"https:\/\/archebald.ee\/index.php\/wp-json\/wp\/v2\/users\/1"}],"replies":[{"embeddable":true,"href":"https:\/\/archebald.ee\/index.php\/wp-json\/wp\/v2\/comments?post=715"}],"version-history":[{"count":20,"href":"https:\/\/archebald.ee\/index.php\/wp-json\/wp\/v2\/pages\/715\/revisions"}],"predecessor-version":[{"id":1126,"href":"https:\/\/archebald.ee\/index.php\/wp-json\/wp\/v2\/pages\/715\/revisions\/1126"}],"up":[{"embeddable":true,"href":"https:\/\/archebald.ee\/index.php\/wp-json\/wp\/v2\/pages\/1095"}],"wp:attachment":[{"href":"https:\/\/archebald.ee\/index.php\/wp-json\/wp\/v2\/media?parent=715"}],"curies":[{"name":"wp","href":"https:\/\/api.w.org\/{rel}","templated":true}]}}