{"id":548,"date":"2018-01-24T11:18:44","date_gmt":"2018-01-24T09:18:44","guid":{"rendered":"http:\/\/archebald.ee\/?page_id=548"},"modified":"2024-03-18T23:59:57","modified_gmt":"2024-03-18T21:59:57","slug":"pidu-voi-vastuvott","status":"publish","type":"page","link":"https:\/\/archebald.ee\/index.php\/korralda-sundmus\/pidu-voi-vastuvott\/","title":{"rendered":"Pidu v\u00f5i vastuv\u00f5tt"},"content":{"rendered":"<p>Keskaja keskus Archebald on k\u00f5ige muu hulgas ka suurep\u00e4rane koht eriliste pidude ja vastuv\u00f5ttude korraldamiseks. Keskuse hoone teise korruse peosaali laudade taha mahub lahedasti istuma 40 inimest. Kui seminari tarvis ruum teisiti s\u00e4ttida, v\u00f5ib\u00a0vabalt arvestada 60 inimesega.<\/p>\n<p>Plussideks mis v\u00f5iks teie otsust meie kasuks langetama panna on eelk\u00f5ige erilisus &#8211; rasked kivim\u00fc\u00fcrid, tahutud puitpinnad ja sepistatud l\u00fchtrid annavad juba ise s\u00fcndmusele erilise h\u00e4\u00e4lestuse. Kui lisada sellele veel meiepoolsed keskaegsed ja \u00fcsna ainulaadsed meelelahutusteenused, siis olete v\u00f5itjad juba.<\/p>\n<p>V\u00e4heoluline pole ka see, et meie asukoht on v\u00e4ga hea &#8211; asume Kuressaare peat\u00e4nava \u00e4\u00e4res, bussijaama vahetus l\u00e4heduses ja linna keskv\u00e4ljakust vaid 500 meetri kaugusel. Lisaks siseruumidele on meil ka privaatne hooviala, mis muutub salap\u00e4raseks \u00f5htuses t\u00f5rvikuvalguses ja mis sobiva ilma korral annab peoliste tegutsemisv\u00f5imalustele veelgi suurema avaruse.<\/p>\n<p>Soovi korral saate meie kaudu tellida ka toitlustuse.<\/p>\n<p><img loading=\"lazy\" decoding=\"async\" class=\"wp-image-767 size-full alignright\" src=\"http:\/\/archebald.ee\/wp-content\/uploads\/2018\/01\/STA_5350-e1517063621401.jpg\" alt=\"\" width=\"667\" height=\"500\" \/><\/p>\n<p>&nbsp;<\/p>\n","protected":false},"excerpt":{"rendered":"<p>Keskaja keskus Archebald on k\u00f5ige muu hulgas ka suurep\u00e4rane koht eriliste pidude ja vastuv\u00f5ttude korraldamiseks. Keskuse hoone teise korruse peosaali [&hellip;]<\/p>\n","protected":false},"author":1,"featured_media":0,"parent":1086,"menu_order":2,"comment_status":"closed","ping_status":"closed","template":"","meta":{"footnotes":""},"class_list":["post-548","page","type-page","status-publish","hentry"],"_links":{"self":[{"href":"https:\/\/archebald.ee\/index.php\/wp-json\/wp\/v2\/pages\/548","targetHints":{"allow":["GET"]}}],"collection":[{"href":"https:\/\/archebald.ee\/index.php\/wp-json\/wp\/v2\/pages"}],"about":[{"href":"https:\/\/archebald.ee\/index.php\/wp-json\/wp\/v2\/types\/page"}],"author":[{"embeddable":true,"href":"https:\/\/archebald.ee\/index.php\/wp-json\/wp\/v2\/users\/1"}],"replies":[{"embeddable":true,"href":"https:\/\/archebald.ee\/index.php\/wp-json\/wp\/v2\/comments?post=548"}],"version-history":[{"count":8,"href":"https:\/\/archebald.ee\/index.php\/wp-json\/wp\/v2\/pages\/548\/revisions"}],"predecessor-version":[{"id":837,"href":"https:\/\/archebald.ee\/index.php\/wp-json\/wp\/v2\/pages\/548\/revisions\/837"}],"up":[{"embeddable":true,"href":"https:\/\/archebald.ee\/index.php\/wp-json\/wp\/v2\/pages\/1086"}],"wp:attachment":[{"href":"https:\/\/archebald.ee\/index.php\/wp-json\/wp\/v2\/media?parent=548"}],"curies":[{"name":"wp","href":"https:\/\/api.w.org\/{rel}","templated":true}]}}