{"id":546,"date":"2018-01-24T11:18:23","date_gmt":"2018-01-24T09:18:23","guid":{"rendered":"http:\/\/archebald.ee\/?page_id=546"},"modified":"2024-03-19T00:00:57","modified_gmt":"2024-03-18T22:00:57","slug":"seminar-voi-tookoosolek","status":"publish","type":"page","link":"https:\/\/archebald.ee\/index.php\/korralda-sundmus\/seminar-voi-tookoosolek\/","title":{"rendered":"Seminar v\u00f5i t\u00f6\u00f6koosolek"},"content":{"rendered":"<p>See m\u00f5te v\u00f5ib tunduda esmapilgul tavatu. Aga seminari korraldamisel meie elamuskeskuses on p\u00e4ris palju plusse. Tavalistest siledatest pindadest erinev \u00fcmbrus ja pisut salap\u00e4ra teevad meeled erksaks ja panevad m\u00f5tte lendama. Ka v\u00f5ib kindel olla, et see seminar v\u00f5i koosolek j\u00e4\u00e4b pikaks ajaks meelde.<\/p>\n<p>Lisaks &#8211; oleme valmis teie soovide t\u00e4itmise nimel kenasti pingutama. Olgu see siis esitlustehnika, toitlustus v\u00f5i pauside sisustamine tavatute vahepaladega.<\/p>\n<p>Seminari korraldamisel meie keskusehoone teisel korrusel v\u00f5ib julgesti arvestada 60 inimesega.<\/p>\n<p><img loading=\"lazy\" decoding=\"async\" class=\"wp-image-809 size-full alignright\" src=\"http:\/\/archebald.ee\/wp-content\/uploads\/2018\/01\/IMG_5050-e1517084737838.jpg\" alt=\"\" width=\"667\" height=\"500\" \/><\/p>\n","protected":false},"excerpt":{"rendered":"<p>See m\u00f5te v\u00f5ib tunduda esmapilgul tavatu. Aga seminari korraldamisel meie elamuskeskuses on p\u00e4ris palju plusse. Tavalistest siledatest pindadest erinev \u00fcmbrus [&hellip;]<\/p>\n","protected":false},"author":1,"featured_media":0,"parent":1086,"menu_order":3,"comment_status":"closed","ping_status":"closed","template":"","meta":{"footnotes":""},"class_list":["post-546","page","type-page","status-publish","hentry"],"_links":{"self":[{"href":"https:\/\/archebald.ee\/index.php\/wp-json\/wp\/v2\/pages\/546","targetHints":{"allow":["GET"]}}],"collection":[{"href":"https:\/\/archebald.ee\/index.php\/wp-json\/wp\/v2\/pages"}],"about":[{"href":"https:\/\/archebald.ee\/index.php\/wp-json\/wp\/v2\/types\/page"}],"author":[{"embeddable":true,"href":"https:\/\/archebald.ee\/index.php\/wp-json\/wp\/v2\/users\/1"}],"replies":[{"embeddable":true,"href":"https:\/\/archebald.ee\/index.php\/wp-json\/wp\/v2\/comments?post=546"}],"version-history":[{"count":6,"href":"https:\/\/archebald.ee\/index.php\/wp-json\/wp\/v2\/pages\/546\/revisions"}],"predecessor-version":[{"id":817,"href":"https:\/\/archebald.ee\/index.php\/wp-json\/wp\/v2\/pages\/546\/revisions\/817"}],"up":[{"embeddable":true,"href":"https:\/\/archebald.ee\/index.php\/wp-json\/wp\/v2\/pages\/1086"}],"wp:attachment":[{"href":"https:\/\/archebald.ee\/index.php\/wp-json\/wp\/v2\/media?parent=546"}],"curies":[{"name":"wp","href":"https:\/\/api.w.org\/{rel}","templated":true}]}}