{"id":519,"date":"2018-01-23T23:25:58","date_gmt":"2018-01-23T21:25:58","guid":{"rendered":"http:\/\/archebald.ee\/?page_id=519"},"modified":"2025-08-10T22:41:30","modified_gmt":"2025-08-10T19:41:30","slug":"lahtiolekuajad","status":"publish","type":"page","link":"https:\/\/archebald.ee\/index.php\/kulastaja-info\/lahtiolekuajad\/","title":{"rendered":"Lahtiolekuajad"},"content":{"rendered":"<p><span style=\"color: #ff0000;\"><strong>2025. aasta suvel oleme igap\u00e4evaselt avatud 27. juunist kuni 17. augustini.<\/strong>\u00a0Lahtiolekuajad kell 11 &#8211; 15.\u00a0<\/span><\/p>\n<p><strong>NB! Muul ajal<\/strong>\u00a0<strong>oleme avatud eelneval kokkuleppel.<\/strong>\u00a0Miinimumtasu 120 eurot.<\/p>\n<p>Eelmine suvehooaeg n\u00e4itas, et lastega perede k\u00fclastusaeg oli umbes 1,5 -2 tundi, mist\u00f5ttu ei tasuks saabumist liiga hilja peale j\u00e4tta.<\/p>\n\n\n<p><\/p>\n","protected":false},"excerpt":{"rendered":"<p>2025. aasta suvel oleme igap\u00e4evaselt avatud 27. juunist kuni 17. augustini.\u00a0Lahtiolekuajad kell 11 &#8211; 15.\u00a0 NB! Muul ajal\u00a0oleme avatud eelneval [&hellip;]<\/p>\n","protected":false},"author":1,"featured_media":0,"parent":507,"menu_order":0,"comment_status":"closed","ping_status":"closed","template":"","meta":{"footnotes":""},"class_list":["post-519","page","type-page","status-publish","hentry"],"_links":{"self":[{"href":"https:\/\/archebald.ee\/index.php\/wp-json\/wp\/v2\/pages\/519","targetHints":{"allow":["GET"]}}],"collection":[{"href":"https:\/\/archebald.ee\/index.php\/wp-json\/wp\/v2\/pages"}],"about":[{"href":"https:\/\/archebald.ee\/index.php\/wp-json\/wp\/v2\/types\/page"}],"author":[{"embeddable":true,"href":"https:\/\/archebald.ee\/index.php\/wp-json\/wp\/v2\/users\/1"}],"replies":[{"embeddable":true,"href":"https:\/\/archebald.ee\/index.php\/wp-json\/wp\/v2\/comments?post=519"}],"version-history":[{"count":31,"href":"https:\/\/archebald.ee\/index.php\/wp-json\/wp\/v2\/pages\/519\/revisions"}],"predecessor-version":[{"id":1214,"href":"https:\/\/archebald.ee\/index.php\/wp-json\/wp\/v2\/pages\/519\/revisions\/1214"}],"up":[{"embeddable":true,"href":"https:\/\/archebald.ee\/index.php\/wp-json\/wp\/v2\/pages\/507"}],"wp:attachment":[{"href":"https:\/\/archebald.ee\/index.php\/wp-json\/wp\/v2\/media?parent=519"}],"curies":[{"name":"wp","href":"https:\/\/api.w.org\/{rel}","templated":true}]}}