{"id":514,"date":"2018-01-23T23:15:38","date_gmt":"2018-01-23T21:15:38","guid":{"rendered":"http:\/\/archebald.ee\/?page_id=514"},"modified":"2024-03-18T23:13:54","modified_gmt":"2024-03-18T21:13:54","slug":"grupikulastused","status":"publish","type":"page","link":"https:\/\/archebald.ee\/index.php\/kulastaja-info\/grupikulastused\/","title":{"rendered":"Grupik\u00fclastused"},"content":{"rendered":"<p>Kui suvistel lahtiolekuaegadel olema valmis k\u00fclastajaid vastu v\u00f5tma ilma eelneva registreerimiseta, siis ei t\u00e4henda see seda, et me k\u00f5ikidel teistel aegadel suletud oleksime.<\/p>\n<p>Vastupidi, eelneval kokkuleppel, ja seni pole veel \u00fckski kokkulepe s\u00f5lmimata j\u00e4\u00e4nud, oleme me sisuliselt avatud nii aasta- kui \u00f6\u00f6p\u00e4evaringselt. Tuleb vaid \u00fchendust v\u00f5tta ja oma soovid edasi anda. Ilma suurema vaevata suudame me teid vastu v\u00f5tta, kui seltskond kellega tulete on kuni 45 inimest ja keeled milles te endiga r\u00e4\u00e4kida lubate on eesti, inglise aga ka vene. Suuremate seltskondade puhul v\u00f5ime vajada ehk pisut pikemat etteteatamist, aga oma soove ei tuleks ka siin kindlasti mitte esitamata j\u00e4tta.<\/p>\n<p>Gruppide ringk\u00e4ik keskuses h\u00f5lmab endas k\u00f5iki elamustegevusi, mida keskuses pakume. Kui grupp on suurem, siis jagatakse teie seltskond osade tegevuste puhuks kaheks, v\u00f5i veel suuremate gruppide puhul kolmeks ja iga seltskond saab oma juhendaja, kes asjadest r\u00e4\u00e4gib ja teid tegevuste juures \u00f5igel teel hoiab.<\/p>\n<p><img loading=\"lazy\" decoding=\"async\" class=\"wp-image-788 size-full alignright\" src=\"http:\/\/archebald.ee\/wp-content\/uploads\/2018\/01\/STB_5146-e1517082575330.jpg\" alt=\"\" width=\"662\" height=\"600\" \/><\/p>\n<p>Elu on n\u00e4idanud, et ka grupik\u00fclastuste puhul tuleks aega varuda kahe tunni jagu.<\/p>\n<p>Ja kui arvate, et peale lustimist ja rassimist oleks paras aeg keha kinnitada, aga linna peale s\u00f6\u00f6gikohta otsima ja aega kulutama ei tahaks nagu minna, siis\u00a0leiame see p\u00e4ris m\u00f5istlik m\u00f5te olevat. Nimelt katame teile etteteatamise korral oma keskuse peosaali teie soovide kohase s\u00f6\u00f6malaua. Ja olge te kindlad, et t\u00fchja k\u00f5huga te siit k\u00fcll \u00e4ra ei l\u00e4he, sest saame teile nii suppe kui praade kui ka magusaid roogasid ette kanda. Olgu veel niipalju \u00e4ra nimetatud, et kokk on n\u00f5us pajale tule alla tegeme, kui teid v\u00e4hemasti 15 laua \u00e4\u00e4rde tulemas on.<\/p>\n<p>S\u00f6\u00f6gi ajal saate kauba peal meie Majordomuse targutuse sellest, mida ja kuidas keskajal s\u00f6\u00f6di.<\/p>\n<p>NB! Grupik\u00fclastuse miinimumtasu on 120 eurot.<\/p>\n","protected":false},"excerpt":{"rendered":"<p>Kui suvistel lahtiolekuaegadel olema valmis k\u00fclastajaid vastu v\u00f5tma ilma eelneva registreerimiseta, siis ei t\u00e4henda see seda, et me k\u00f5ikidel teistel [&hellip;]<\/p>\n","protected":false},"author":1,"featured_media":0,"parent":507,"menu_order":0,"comment_status":"closed","ping_status":"closed","template":"","meta":{"footnotes":""},"class_list":["post-514","page","type-page","status-publish","hentry"],"_links":{"self":[{"href":"https:\/\/archebald.ee\/index.php\/wp-json\/wp\/v2\/pages\/514","targetHints":{"allow":["GET"]}}],"collection":[{"href":"https:\/\/archebald.ee\/index.php\/wp-json\/wp\/v2\/pages"}],"about":[{"href":"https:\/\/archebald.ee\/index.php\/wp-json\/wp\/v2\/types\/page"}],"author":[{"embeddable":true,"href":"https:\/\/archebald.ee\/index.php\/wp-json\/wp\/v2\/users\/1"}],"replies":[{"embeddable":true,"href":"https:\/\/archebald.ee\/index.php\/wp-json\/wp\/v2\/comments?post=514"}],"version-history":[{"count":10,"href":"https:\/\/archebald.ee\/index.php\/wp-json\/wp\/v2\/pages\/514\/revisions"}],"predecessor-version":[{"id":1058,"href":"https:\/\/archebald.ee\/index.php\/wp-json\/wp\/v2\/pages\/514\/revisions\/1058"}],"up":[{"embeddable":true,"href":"https:\/\/archebald.ee\/index.php\/wp-json\/wp\/v2\/pages\/507"}],"wp:attachment":[{"href":"https:\/\/archebald.ee\/index.php\/wp-json\/wp\/v2\/media?parent=514"}],"curies":[{"name":"wp","href":"https:\/\/api.w.org\/{rel}","templated":true}]}}