{"id":512,"date":"2018-01-23T23:14:08","date_gmt":"2018-01-23T21:14:08","guid":{"rendered":"http:\/\/archebald.ee\/?page_id=512"},"modified":"2025-07-30T21:42:58","modified_gmt":"2025-07-30T18:42:58","slug":"asukoht-ja-parkimine","status":"publish","type":"page","link":"https:\/\/archebald.ee\/index.php\/kulastaja-info\/asukoht-ja-parkimine\/","title":{"rendered":"Asukoht ja parkimine"},"content":{"rendered":"<p>Keskaja Elamuskeskus Archebald asub Saaremaal Kuressaares, aadressil Garnisoni 24 (vana aadress Garnisoni 18).<\/p>\n<p><strong>Autoga:<\/strong><\/p>\n<p>Kuivastu poolt tulles on meie asukoht peat\u00e4nava \u00e4\u00e4res paremal, kohe Kuressaare vanalinna piiril. Kes teab kunagist Kuressaare Maapanka, siis asume selle k\u00f5rval. Meie vahetus l\u00e4heduses on ka Kuressaare Bussijaam.<\/p>\n<p>Parklad on kohe meie v\u00e4ravate ees ja ka meist teisel pool Tallinna t\u00e4navat.<\/p>\n<p>Kui \u00e4ra eksid, helista:) +372 511 55 03<\/p>\n<p><strong>Jalgsi ja rattaga:<\/strong><\/p>\n<p>Oleme Kuressaare linna keskv\u00e4ljakust 500 meetri kaugusel &#8211; tuleb vaid pisut Kuivastu poole liikuda, Grand Rose SPA juurest edasi, paremale j\u00e4\u00e4b Kuressaare Linnateater ja kui n\u00fc\u00fcd pilk vasakul hoida, siis varsti oletegi kohal.<\/p>\n<p><img loading=\"lazy\" decoding=\"async\" class=\"alignnone wp-image-651 size-full\" src=\"http:\/\/archebald.ee\/wp-content\/uploads\/2018\/01\/fullsizeoutput_52b-e1516830197928.jpeg\" alt=\"\" width=\"447\" height=\"311\" srcset=\"https:\/\/archebald.ee\/wp-content\/uploads\/2018\/01\/fullsizeoutput_52b-e1516830197928.jpeg 447w, https:\/\/archebald.ee\/wp-content\/uploads\/2018\/01\/fullsizeoutput_52b-e1516830197928-300x209.jpeg 300w\" sizes=\"auto, (max-width: 447px) 100vw, 447px\" \/><\/p>\n","protected":false},"excerpt":{"rendered":"<p>Keskaja Elamuskeskus Archebald asub Saaremaal Kuressaares, aadressil Garnisoni 24 (vana aadress Garnisoni 18). Autoga: Kuivastu poolt tulles on meie asukoht [&hellip;]<\/p>\n","protected":false},"author":1,"featured_media":0,"parent":507,"menu_order":0,"comment_status":"closed","ping_status":"closed","template":"","meta":{"footnotes":""},"class_list":["post-512","page","type-page","status-publish","hentry"],"_links":{"self":[{"href":"https:\/\/archebald.ee\/index.php\/wp-json\/wp\/v2\/pages\/512","targetHints":{"allow":["GET"]}}],"collection":[{"href":"https:\/\/archebald.ee\/index.php\/wp-json\/wp\/v2\/pages"}],"about":[{"href":"https:\/\/archebald.ee\/index.php\/wp-json\/wp\/v2\/types\/page"}],"author":[{"embeddable":true,"href":"https:\/\/archebald.ee\/index.php\/wp-json\/wp\/v2\/users\/1"}],"replies":[{"embeddable":true,"href":"https:\/\/archebald.ee\/index.php\/wp-json\/wp\/v2\/comments?post=512"}],"version-history":[{"count":13,"href":"https:\/\/archebald.ee\/index.php\/wp-json\/wp\/v2\/pages\/512\/revisions"}],"predecessor-version":[{"id":1149,"href":"https:\/\/archebald.ee\/index.php\/wp-json\/wp\/v2\/pages\/512\/revisions\/1149"}],"up":[{"embeddable":true,"href":"https:\/\/archebald.ee\/index.php\/wp-json\/wp\/v2\/pages\/507"}],"wp:attachment":[{"href":"https:\/\/archebald.ee\/index.php\/wp-json\/wp\/v2\/media?parent=512"}],"curies":[{"name":"wp","href":"https:\/\/api.w.org\/{rel}","templated":true}]}}