{"id":493,"date":"2018-01-23T14:22:08","date_gmt":"2018-01-23T12:22:08","guid":{"rendered":"http:\/\/archebald.ee\/?page_id=493"},"modified":"2024-03-18T23:29:10","modified_gmt":"2024-03-18T21:29:10","slug":"piletihinnad","status":"publish","type":"page","link":"https:\/\/archebald.ee\/index.php\/kulastaja-info\/piletihinnad\/","title":{"rendered":"Piletihinnad"},"content":{"rendered":"<p>&#8211; Pileti hind on <strong>\u00a09 eurot<\/strong>.<\/p>\n<p>&#8211; \u00d5pilasgruppide korral on pileti hind <strong>8 eurot.<\/strong><\/p>\n<p>&#8211; Erinevalt mitmetest teistest Eesti turismikohtadest on meil suvise piletihinna sees ka k\u00f5ik keskuse tegevused, seal hulgas ka vibulaskmine, meisterdamine, m\u00fcndi vermimine jne. Ja veel &#8211; pileti hinna ses on ka meiepoolne giid, kes teid k\u00f5ikide tegevuste juures juhendab ning lugusid pajatab.<\/p>\n<p>&#8211; Gruppidele on hinna kujunemise aluseks suvine piletihind. V\u00e4ljaspool suviseid lahtioleku aegu on grupik\u00fclastuse miinimumtasu 120 eurot.<\/p>\n<p>&#8211; Pileti hind sisaldab ka k\u00e4ibemaksu.<\/p>\n<p>&#8211; Suvel saab tasuda nii sularahas, kui kaardimaksega.<\/p>\n","protected":false},"excerpt":{"rendered":"<p>&#8211; Pileti hind on \u00a09 eurot. &#8211; \u00d5pilasgruppide korral on pileti hind 8 eurot. &#8211; Erinevalt mitmetest teistest Eesti turismikohtadest [&hellip;]<\/p>\n","protected":false},"author":1,"featured_media":0,"parent":507,"menu_order":0,"comment_status":"closed","ping_status":"closed","template":"page-templates\/full-width.php","meta":{"footnotes":""},"class_list":["post-493","page","type-page","status-publish","hentry"],"_links":{"self":[{"href":"https:\/\/archebald.ee\/index.php\/wp-json\/wp\/v2\/pages\/493","targetHints":{"allow":["GET"]}}],"collection":[{"href":"https:\/\/archebald.ee\/index.php\/wp-json\/wp\/v2\/pages"}],"about":[{"href":"https:\/\/archebald.ee\/index.php\/wp-json\/wp\/v2\/types\/page"}],"author":[{"embeddable":true,"href":"https:\/\/archebald.ee\/index.php\/wp-json\/wp\/v2\/users\/1"}],"replies":[{"embeddable":true,"href":"https:\/\/archebald.ee\/index.php\/wp-json\/wp\/v2\/comments?post=493"}],"version-history":[{"count":13,"href":"https:\/\/archebald.ee\/index.php\/wp-json\/wp\/v2\/pages\/493\/revisions"}],"predecessor-version":[{"id":1063,"href":"https:\/\/archebald.ee\/index.php\/wp-json\/wp\/v2\/pages\/493\/revisions\/1063"}],"up":[{"embeddable":true,"href":"https:\/\/archebald.ee\/index.php\/wp-json\/wp\/v2\/pages\/507"}],"wp:attachment":[{"href":"https:\/\/archebald.ee\/index.php\/wp-json\/wp\/v2\/media?parent=493"}],"curies":[{"name":"wp","href":"https:\/\/api.w.org\/{rel}","templated":true}]}}